{"id":8728,"date":"2023-10-04T18:48:54","date_gmt":"2023-10-04T18:48:54","guid":{"rendered":"http:\/\/loca.al\/?page_id=8728"},"modified":"2023-10-15T12:22:33","modified_gmt":"2023-10-15T12:22:33","slug":"produktet-tendat-me-montim-muri","status":"publish","type":"page","link":"https:\/\/loca.al\/en\/produktet-tendat-me-montim-muri\/","title":{"rendered":"Wall mounted tents"},"content":{"rendered":"<div data-elementor-type=\"wp-page\" data-elementor-id=\"8728\" class=\"elementor elementor-8728\" data-elementor-post-type=\"page\">\n\t\t\t\t\t\t<section class=\"elementor-section elementor-top-section elementor-element elementor-element-61976cd elementor-reverse-tablet elementor-reverse-mobile elementor-section-height-min-height elementor-section-boxed elementor-section-height-default elementor-section-items-middle\" data-id=\"61976cd\" data-element_type=\"section\" data-settings=\"{&quot;background_background&quot;:&quot;classic&quot;}\">\n\t\t\t\t\t\t\t<div class=\"elementor-background-overlay\"><\/div>\n\t\t\t\t\t\t\t<div class=\"elementor-container elementor-column-gap-wider\">\n\t\t\t\t\t<div class=\"elementor-column elementor-col-100 elementor-top-column elementor-element elementor-element-e6342bf\" data-id=\"e6342bf\" data-element_type=\"column\" data-settings=\"{&quot;background_background&quot;:&quot;classic&quot;}\">\n\t\t\t<div class=\"elementor-widget-wrap elementor-element-populated\">\n\t\t\t\t\t\t<div class=\"elementor-element elementor-element-260666d elementor-widget-mobile__width-initial elementor-widget elementor-widget-heading\" data-id=\"260666d\" data-element_type=\"widget\" data-widget_type=\"heading.default\">\n\t\t\t\t<div class=\"elementor-widget-container\">\n\t\t\t\t\t<h2 class=\"elementor-heading-title elementor-size-default\">Wall Mounted Tent<\/h2>\t\t\t\t<\/div>\n\t\t\t\t<\/div>\n\t\t\t\t\t<\/div>\n\t\t<\/div>\n\t\t\t\t\t<\/div>\n\t\t<\/section>\n\t\t\t\t<section class=\"elementor-section elementor-top-section elementor-element elementor-element-0168764 elementor-section-boxed elementor-section-height-default elementor-section-height-default\" data-id=\"0168764\" data-element_type=\"section\">\n\t\t\t\t\t\t<div class=\"elementor-container elementor-column-gap-default\">\n\t\t\t\t\t<div class=\"elementor-column elementor-col-100 elementor-top-column elementor-element elementor-element-6f96341\" data-id=\"6f96341\" data-element_type=\"column\">\n\t\t\t<div class=\"elementor-widget-wrap elementor-element-populated\">\n\t\t\t\t\t\t<div class=\"elementor-element elementor-element-8690e5d elementor-widget elementor-widget-the7_elements\" data-id=\"8690e5d\" data-element_type=\"widget\" data-widget_type=\"the7_elements.default\">\n\t\t\t\t<div class=\"elementor-widget-container\">\n\t\t\t\t\t<div class=\"portfolio-shortcode the7-elementor-widget the7_elements-8690e5d mode-grid dt-css-grid-wrap gradient-overlap-layout-list description-under-image quick-scale-img meta-info-off content-bg-on resize-by-browser-width loading-effect-fade-in jquery-filter\" data-padding=\"100px\" data-mobile-columns-num=\"2\" data-tablet-columns-num=\"2\" data-desktop-columns-num=\"4\" data-wide-desktop-columns-num=\"4\" data-post-limit=\"-1\" data-pagination-mode=\"none\" data-scroll-offset=\"\" aria-live=\"assertive\"><div class=\"dt-css-grid custom-pagination-handler\"><div class=\"visible wf-cell\" data-post-id=\"10704\" data-date=\"2023-10-12T21:34:02+00:00\" data-name=\"Willow\"><article class=\"post visible post-10704 dt_portfolio type-dt_portfolio status-publish has-post-thumbnail hentry dt_portfolio_category-tenda-automatike-me-motorr dt_portfolio_category-tendat-me-montim-muri dt_portfolio_tags-seria-willow dt_portfolio_tags-tenda-automatike-me-motorr dt_portfolio_tags-tendat-me-montim-muri dt_portfolio_tags-willow\" data-name=\"Willow\" data-date=\"2023-10-12T21:34:02+00:00\">\n\n\t<div class=\"post-thumbnail-wrap\">\n\t\t<div class=\"post-thumbnail\">\n\n\t\t\t<a class=\"post-thumbnail-rollover layzr-bg img-css-resize-wrapper\" aria-label=\"Post image\" href=\"https:\/\/loca.al\/en\/project\/willow\/\"><img fetchpriority=\"high\" decoding=\"async\" width=\"301\" height=\"301\" src=\"data:image\/svg+xml,%3Csvg%20xmlns%3D&#039;http%3A%2F%2Fwww.w3.org%2F2000%2Fsvg&#039;%20viewBox%3D&#039;0%200%20301%20301&#039;%2F%3E\" class=\"attachment-full size-full preload-me aspect lazy lazy-load\" alt=\"\" sizes=\"(max-width: 301px) 100vw, 301px\" style=\"--ratio: 301 \/ 301;\" data-src=\"https:\/\/loca.al\/wp-content\/uploads\/2023\/09\/willow.png\" loading=\"eager\" data-srcset=\"https:\/\/loca.al\/wp-content\/uploads\/2023\/09\/willow.png 301w, https:\/\/loca.al\/wp-content\/uploads\/2023\/09\/willow-150x150.png 150w\" \/><span class=\"the7-hover-icon\"><\/span><\/a>\n\t\t<\/div>\n\t<\/div>\n\n\n<div class=\"post-entry-content\">\n\n\t\n<\/div><\/article><\/div><div class=\"visible wf-cell\" data-post-id=\"8025\" data-date=\"2023-10-04T11:29:02+00:00\" data-name=\"BOSSO\"><article class=\"post visible post-8025 dt_portfolio type-dt_portfolio status-publish has-post-thumbnail hentry dt_portfolio_category-tenda-automatike-me-motorr dt_portfolio_category-tendat-me-montim-muri dt_portfolio_tags-pino dt_portfolio_tags-tenda-automatike-me-motorr dt_portfolio_tags-tendat-statike\" data-name=\"BOSSO\" data-date=\"2023-10-04T11:29:02+00:00\">\n\n\t<div class=\"post-thumbnail-wrap\">\n\t\t<div class=\"post-thumbnail\">\n\n\t\t\t<a class=\"post-thumbnail-rollover layzr-bg img-css-resize-wrapper\" aria-label=\"Post image\" href=\"https:\/\/loca.al\/en\/project\/bosso\/\"><img decoding=\"async\" width=\"301\" height=\"301\" src=\"data:image\/svg+xml,%3Csvg%20xmlns%3D&#039;http%3A%2F%2Fwww.w3.org%2F2000%2Fsvg&#039;%20viewBox%3D&#039;0%200%20301%20301&#039;%2F%3E\" class=\"attachment-full size-full preload-me aspect lazy lazy-load\" alt=\"\" sizes=\"(max-width: 301px) 100vw, 301px\" style=\"--ratio: 301 \/ 301;\" data-src=\"https:\/\/loca.al\/wp-content\/uploads\/2023\/10\/bosso.png\" loading=\"eager\" data-srcset=\"https:\/\/loca.al\/wp-content\/uploads\/2023\/10\/bosso.png 301w, https:\/\/loca.al\/wp-content\/uploads\/2023\/10\/bosso-150x150.png 150w\" \/><span class=\"the7-hover-icon\"><\/span><\/a>\n\t\t<\/div>\n\t<\/div>\n\n\n<div class=\"post-entry-content\">\n\n\t\n<\/div><\/article><\/div><div class=\"visible wf-cell\" data-post-id=\"7971\" data-date=\"2023-10-04T11:02:35+00:00\" data-name=\"PINO\"><article class=\"post visible post-7971 dt_portfolio type-dt_portfolio status-publish has-post-thumbnail hentry dt_portfolio_category-tenda-automatike-me-motorr dt_portfolio_category-tendat-me-montim-muri dt_portfolio_tags-pino dt_portfolio_tags-tenda-automatike-me-motorr dt_portfolio_tags-tendat-me-montim-muri\" data-name=\"PINO\" data-date=\"2023-10-04T11:02:35+00:00\">\n\n\t<div class=\"post-thumbnail-wrap\">\n\t\t<div class=\"post-thumbnail\">\n\n\t\t\t<a class=\"post-thumbnail-rollover layzr-bg img-css-resize-wrapper\" aria-label=\"Post image\" href=\"https:\/\/loca.al\/en\/project\/pino\/\"><img decoding=\"async\" width=\"301\" height=\"301\" src=\"data:image\/svg+xml,%3Csvg%20xmlns%3D&#039;http%3A%2F%2Fwww.w3.org%2F2000%2Fsvg&#039;%20viewBox%3D&#039;0%200%20301%20301&#039;%2F%3E\" class=\"attachment-full size-full preload-me aspect lazy lazy-load\" alt=\"\" sizes=\"(max-width: 301px) 100vw, 301px\" style=\"--ratio: 301 \/ 301;\" data-src=\"https:\/\/loca.al\/wp-content\/uploads\/2023\/10\/Asset-72@3x.png\" loading=\"eager\" data-srcset=\"https:\/\/loca.al\/wp-content\/uploads\/2023\/10\/Asset-72@3x.png 301w, https:\/\/loca.al\/wp-content\/uploads\/2023\/10\/Asset-72@3x-150x150.png 150w\" \/><span class=\"the7-hover-icon\"><\/span><\/a>\n\t\t<\/div>\n\t<\/div>\n\n\n<div class=\"post-entry-content\">\n\n\t\n<\/div><\/article><\/div><div class=\"visible wf-cell\" data-post-id=\"2784\" data-date=\"2021-12-02T12:27:22+00:00\" data-name=\"CEDRUS\"><article class=\"post visible post-2784 dt_portfolio type-dt_portfolio status-publish has-post-thumbnail hentry dt_portfolio_category-tenda-automatike-me-motorr dt_portfolio_category-tendat-me-montim-muri dt_portfolio_tags-cedrus dt_portfolio_tags-tenda-automatike-me-motorr dt_portfolio_tags-tendat-me-montim-muri\" data-name=\"CEDRUS\" data-date=\"2021-12-02T12:27:22+00:00\">\n\n\t<div class=\"post-thumbnail-wrap\">\n\t\t<div class=\"post-thumbnail\">\n\n\t\t\t<a class=\"post-thumbnail-rollover layzr-bg img-css-resize-wrapper\" aria-label=\"Post image\" href=\"https:\/\/loca.al\/en\/project\/cedrus\/\"><img decoding=\"async\" width=\"301\" height=\"301\" src=\"data:image\/svg+xml,%3Csvg%20xmlns%3D&#039;http%3A%2F%2Fwww.w3.org%2F2000%2Fsvg&#039;%20viewBox%3D&#039;0%200%20301%20301&#039;%2F%3E\" class=\"attachment-full size-full preload-me aspect lazy lazy-load\" alt=\"\" sizes=\"(max-width: 301px) 100vw, 301px\" style=\"--ratio: 301 \/ 301;\" data-src=\"https:\/\/loca.al\/wp-content\/uploads\/2021\/12\/cedrus-2-1.png\" loading=\"eager\" data-srcset=\"https:\/\/loca.al\/wp-content\/uploads\/2021\/12\/cedrus-2-1.png 301w, https:\/\/loca.al\/wp-content\/uploads\/2021\/12\/cedrus-2-1-150x150.png 150w\" \/><span class=\"the7-hover-icon\"><\/span><\/a>\n\t\t<\/div>\n\t<\/div>\n\n\n<div class=\"post-entry-content\">\n\n\t\n<\/div><\/article><\/div><\/div><!-- iso-container|iso-grid --><\/div>\t\t\t\t<\/div>\n\t\t\t\t<\/div>\n\t\t\t\t\t<\/div>\n\t\t<\/div>\n\t\t\t\t\t<\/div>\n\t\t<\/section>\n\t\t\t\t<\/div>","protected":false},"excerpt":{"rendered":"<p>Wall Mounted Tent<\/p>","protected":false},"author":1,"featured_media":0,"parent":0,"menu_order":25,"comment_status":"closed","ping_status":"closed","template":"elementor_header_footer","meta":{"footnotes":""},"class_list":["post-8728","page","type-page","status-publish","hentry"],"yoast_head":"<!-- This site is optimized with the Yoast SEO plugin v26.7 - https:\/\/yoast.com\/wordpress\/plugins\/seo\/ -->\n<title>Tendat me montim muri - LOCA Albania<\/title>\n<meta name=\"description\" content=\"Tendat me montim muri. Tendat automatike me montim muri. Secila kategori ka ndarjet dhe specifikat e saj,te cilat i b\u00ebjn\u00eb unike nga nj\u00ebra tjetra.Zgjedhja e nj\u00eb Tende Automatike \u00ebsht\u00eb nj\u00eb opsion praktik,e cila do ti japi cdo ambienti tuaj hijeshin\u00eb e merituar. Por mbi t\u00eb gjitha \u00ebsht\u00eb nj\u00eb opsion ekonomik dhe me nj\u00eb cil\u00ebsi shum\u00eb t\u00eb lart\u00eb.\" \/>\n<meta name=\"robots\" content=\"index, follow, max-snippet:-1, max-image-preview:large, max-video-preview:-1\" \/>\n<link rel=\"canonical\" href=\"https:\/\/loca.al\/en\/produktet-tendat-me-montim-muri\/\" \/>\n<meta property=\"og:locale\" content=\"en_US\" \/>\n<meta property=\"og:type\" content=\"article\" \/>\n<meta property=\"og:title\" content=\"Tendat me montim muri - LOCA Albania\" \/>\n<meta property=\"og:description\" content=\"Tendat me montim muri. Tendat automatike me montim muri. Secila kategori ka ndarjet dhe specifikat e saj,te cilat i b\u00ebjn\u00eb unike nga nj\u00ebra tjetra.Zgjedhja e nj\u00eb Tende Automatike \u00ebsht\u00eb nj\u00eb opsion praktik,e cila do ti japi cdo ambienti tuaj hijeshin\u00eb e merituar. Por mbi t\u00eb gjitha \u00ebsht\u00eb nj\u00eb opsion ekonomik dhe me nj\u00eb cil\u00ebsi shum\u00eb t\u00eb lart\u00eb.\" \/>\n<meta property=\"og:url\" content=\"https:\/\/loca.al\/en\/produktet-tendat-me-montim-muri\/\" \/>\n<meta property=\"og:site_name\" content=\"LOCA Albania\" \/>\n<meta property=\"article:publisher\" content=\"https:\/\/www.facebook.com\/people\/Loca-Albania\/100065343618978\/\" \/>\n<meta property=\"article:modified_time\" content=\"2023-10-15T12:22:33+00:00\" \/>\n<meta name=\"twitter:card\" content=\"summary_large_image\" \/>\n<meta name=\"twitter:label1\" content=\"Est. reading time\" \/>\n\t<meta name=\"twitter:data1\" content=\"1 minute\" \/>\n<script type=\"application\/ld+json\" class=\"yoast-schema-graph\">{\"@context\":\"https:\/\/schema.org\",\"@graph\":[{\"@type\":\"WebPage\",\"@id\":\"https:\/\/loca.al\/al\/produktet-tendat-me-montim-muri\/\",\"url\":\"https:\/\/loca.al\/al\/produktet-tendat-me-montim-muri\/\",\"name\":\"Tendat me montim muri - LOCA Albania\",\"isPartOf\":{\"@id\":\"https:\/\/loca.al\/al\/#website\"},\"datePublished\":\"2023-10-04T18:48:54+00:00\",\"dateModified\":\"2023-10-15T12:22:33+00:00\",\"description\":\"Tendat me montim muri. Tendat automatike me montim muri. Secila kategori ka ndarjet dhe specifikat e saj,te cilat i b\u00ebjn\u00eb unike nga nj\u00ebra tjetra.Zgjedhja e nj\u00eb Tende Automatike \u00ebsht\u00eb nj\u00eb opsion praktik,e cila do ti japi cdo ambienti tuaj hijeshin\u00eb e merituar. Por mbi t\u00eb gjitha \u00ebsht\u00eb nj\u00eb opsion ekonomik dhe me nj\u00eb cil\u00ebsi shum\u00eb t\u00eb lart\u00eb.\",\"breadcrumb\":{\"@id\":\"https:\/\/loca.al\/al\/produktet-tendat-me-montim-muri\/#breadcrumb\"},\"inLanguage\":\"en-US\",\"potentialAction\":[{\"@type\":\"ReadAction\",\"target\":[\"https:\/\/loca.al\/al\/produktet-tendat-me-montim-muri\/\"]}]},{\"@type\":\"BreadcrumbList\",\"@id\":\"https:\/\/loca.al\/al\/produktet-tendat-me-montim-muri\/#breadcrumb\",\"itemListElement\":[{\"@type\":\"ListItem\",\"position\":1,\"name\":\"Home\",\"item\":\"https:\/\/loca.al\/al\/\"},{\"@type\":\"ListItem\",\"position\":2,\"name\":\"Tendat me montim muri\"}]},{\"@type\":\"WebSite\",\"@id\":\"https:\/\/loca.al\/al\/#website\",\"url\":\"https:\/\/loca.al\/al\/\",\"name\":\"LOCA Albania - Tenda Automatike me motorr\",\"description\":\"Tenda automatike me ndricim p\u00ebr Bar, Restorant, Vila dhe Tarraca.\",\"publisher\":{\"@id\":\"https:\/\/loca.al\/al\/#organization\"},\"potentialAction\":[{\"@type\":\"SearchAction\",\"target\":{\"@type\":\"EntryPoint\",\"urlTemplate\":\"https:\/\/loca.al\/al\/?s={search_term_string}\"},\"query-input\":{\"@type\":\"PropertyValueSpecification\",\"valueRequired\":true,\"valueName\":\"search_term_string\"}}],\"inLanguage\":\"en-US\"},{\"@type\":\"Organization\",\"@id\":\"https:\/\/loca.al\/al\/#organization\",\"name\":\"LOCA Albania - Tenda Automatike me motorr\",\"url\":\"https:\/\/loca.al\/al\/\",\"logo\":{\"@type\":\"ImageObject\",\"inLanguage\":\"en-US\",\"@id\":\"https:\/\/loca.al\/al\/#\/schema\/logo\/image\/\",\"url\":\"http:\/\/loca.al\/wp-content\/uploads\/2022\/07\/Loca-Pergola-Logo.png\",\"contentUrl\":\"http:\/\/loca.al\/wp-content\/uploads\/2022\/07\/Loca-Pergola-Logo.png\",\"width\":525,\"height\":381,\"caption\":\"LOCA Albania - Tenda Automatike me motorr\"},\"image\":{\"@id\":\"https:\/\/loca.al\/al\/#\/schema\/logo\/image\/\"},\"sameAs\":[\"https:\/\/www.facebook.com\/people\/Loca-Albania\/100065343618978\/\",\"https:\/\/www.instagram.com\/locapergola\/reels\/?hl=en\"]}]}<\/script>\n<!-- \/ Yoast SEO plugin. -->","yoast_head_json":{"title":"Tendat me montim muri - LOCA Albania","description":"Tendat me montim muri. Tendat automatike me montim muri. Secila kategori ka ndarjet dhe specifikat e saj,te cilat i b\u00ebjn\u00eb unike nga nj\u00ebra tjetra.Zgjedhja e nj\u00eb Tende Automatike \u00ebsht\u00eb nj\u00eb opsion praktik,e cila do ti japi cdo ambienti tuaj hijeshin\u00eb e merituar. Por mbi t\u00eb gjitha \u00ebsht\u00eb nj\u00eb opsion ekonomik dhe me nj\u00eb cil\u00ebsi shum\u00eb t\u00eb lart\u00eb.","robots":{"index":"index","follow":"follow","max-snippet":"max-snippet:-1","max-image-preview":"max-image-preview:large","max-video-preview":"max-video-preview:-1"},"canonical":"https:\/\/loca.al\/en\/produktet-tendat-me-montim-muri\/","og_locale":"en_US","og_type":"article","og_title":"Tendat me montim muri - LOCA Albania","og_description":"Tendat me montim muri. Tendat automatike me montim muri. Secila kategori ka ndarjet dhe specifikat e saj,te cilat i b\u00ebjn\u00eb unike nga nj\u00ebra tjetra.Zgjedhja e nj\u00eb Tende Automatike \u00ebsht\u00eb nj\u00eb opsion praktik,e cila do ti japi cdo ambienti tuaj hijeshin\u00eb e merituar. Por mbi t\u00eb gjitha \u00ebsht\u00eb nj\u00eb opsion ekonomik dhe me nj\u00eb cil\u00ebsi shum\u00eb t\u00eb lart\u00eb.","og_url":"https:\/\/loca.al\/en\/produktet-tendat-me-montim-muri\/","og_site_name":"LOCA Albania","article_publisher":"https:\/\/www.facebook.com\/people\/Loca-Albania\/100065343618978\/","article_modified_time":"2023-10-15T12:22:33+00:00","twitter_card":"summary_large_image","twitter_misc":{"Est. reading time":"1 minute"},"schema":{"@context":"https:\/\/schema.org","@graph":[{"@type":"WebPage","@id":"https:\/\/loca.al\/al\/produktet-tendat-me-montim-muri\/","url":"https:\/\/loca.al\/al\/produktet-tendat-me-montim-muri\/","name":"Tendat me montim muri - LOCA Albania","isPartOf":{"@id":"https:\/\/loca.al\/al\/#website"},"datePublished":"2023-10-04T18:48:54+00:00","dateModified":"2023-10-15T12:22:33+00:00","description":"Tendat me montim muri. Tendat automatike me montim muri. Secila kategori ka ndarjet dhe specifikat e saj,te cilat i b\u00ebjn\u00eb unike nga nj\u00ebra tjetra.Zgjedhja e nj\u00eb Tende Automatike \u00ebsht\u00eb nj\u00eb opsion praktik,e cila do ti japi cdo ambienti tuaj hijeshin\u00eb e merituar. Por mbi t\u00eb gjitha \u00ebsht\u00eb nj\u00eb opsion ekonomik dhe me nj\u00eb cil\u00ebsi shum\u00eb t\u00eb lart\u00eb.","breadcrumb":{"@id":"https:\/\/loca.al\/al\/produktet-tendat-me-montim-muri\/#breadcrumb"},"inLanguage":"en-US","potentialAction":[{"@type":"ReadAction","target":["https:\/\/loca.al\/al\/produktet-tendat-me-montim-muri\/"]}]},{"@type":"BreadcrumbList","@id":"https:\/\/loca.al\/al\/produktet-tendat-me-montim-muri\/#breadcrumb","itemListElement":[{"@type":"ListItem","position":1,"name":"Home","item":"https:\/\/loca.al\/al\/"},{"@type":"ListItem","position":2,"name":"Tendat me montim muri"}]},{"@type":"WebSite","@id":"https:\/\/loca.al\/al\/#website","url":"https:\/\/loca.al\/al\/","name":"LOCA Albania - Tenda Automatike me motorr","description":"Tenda automatike me ndricim p\u00ebr Bar, Restorant, Vila dhe Tarraca.","publisher":{"@id":"https:\/\/loca.al\/al\/#organization"},"potentialAction":[{"@type":"SearchAction","target":{"@type":"EntryPoint","urlTemplate":"https:\/\/loca.al\/al\/?s={search_term_string}"},"query-input":{"@type":"PropertyValueSpecification","valueRequired":true,"valueName":"search_term_string"}}],"inLanguage":"en-US"},{"@type":"Organization","@id":"https:\/\/loca.al\/al\/#organization","name":"LOCA Albania - Tenda Automatike me motorr","url":"https:\/\/loca.al\/al\/","logo":{"@type":"ImageObject","inLanguage":"en-US","@id":"https:\/\/loca.al\/al\/#\/schema\/logo\/image\/","url":"http:\/\/loca.al\/wp-content\/uploads\/2022\/07\/Loca-Pergola-Logo.png","contentUrl":"http:\/\/loca.al\/wp-content\/uploads\/2022\/07\/Loca-Pergola-Logo.png","width":525,"height":381,"caption":"LOCA Albania - Tenda Automatike me motorr"},"image":{"@id":"https:\/\/loca.al\/al\/#\/schema\/logo\/image\/"},"sameAs":["https:\/\/www.facebook.com\/people\/Loca-Albania\/100065343618978\/","https:\/\/www.instagram.com\/locapergola\/reels\/?hl=en"]}]}},"_links":{"self":[{"href":"https:\/\/loca.al\/en\/wp-json\/wp\/v2\/pages\/8728","targetHints":{"allow":["GET"]}}],"collection":[{"href":"https:\/\/loca.al\/en\/wp-json\/wp\/v2\/pages"}],"about":[{"href":"https:\/\/loca.al\/en\/wp-json\/wp\/v2\/types\/page"}],"author":[{"embeddable":true,"href":"https:\/\/loca.al\/en\/wp-json\/wp\/v2\/users\/1"}],"replies":[{"embeddable":true,"href":"https:\/\/loca.al\/en\/wp-json\/wp\/v2\/comments?post=8728"}],"version-history":[{"count":77,"href":"https:\/\/loca.al\/en\/wp-json\/wp\/v2\/pages\/8728\/revisions"}],"predecessor-version":[{"id":11005,"href":"https:\/\/loca.al\/en\/wp-json\/wp\/v2\/pages\/8728\/revisions\/11005"}],"wp:attachment":[{"href":"https:\/\/loca.al\/en\/wp-json\/wp\/v2\/media?parent=8728"}],"curies":[{"name":"wp","href":"https:\/\/api.w.org\/{rel}","templated":true}]}}